{"id":9091,"date":"2020-06-30T18:15:49","date_gmt":"2020-06-30T16:15:49","guid":{"rendered":"http:\/\/www.enotecabussotti.it\/?page_id=9091"},"modified":"2020-09-13T00:49:02","modified_gmt":"2020-09-12T22:49:02","slug":"wine-quotes","status":"publish","type":"page","link":"https:\/\/www.enotecabussotti.it\/en\/wine-quotes\/","title":{"rendered":"WINE QUOTES"},"content":{"rendered":"\t\t<div data-elementor-type=\"wp-page\" data-elementor-id=\"9091\" class=\"elementor elementor-9091 elementor-8284\" data-elementor-post-type=\"page\">\n\t\t\t\t\t\t<section class=\"elementor-section elementor-top-section elementor-element elementor-element-11d837bb elementor-section-full_width elementor-section-height-min-height elementor-section-items-bottom elementor-section-content-bottom elementor-section-height-default\" data-id=\"11d837bb\" data-element_type=\"section\" data-e-type=\"section\" data-settings=\"{&quot;background_background&quot;:&quot;classic&quot;}\">\n\t\t\t\t\t\t\t<div class=\"elementor-background-overlay\"><\/div>\n\t\t\t\t\t\t\t<div class=\"elementor-container elementor-column-gap-no\">\n\t\t\t\t\t<div class=\"elementor-column elementor-col-100 elementor-top-column elementor-element elementor-element-2fc49776\" data-id=\"2fc49776\" data-element_type=\"column\" data-e-type=\"column\">\n\t\t\t<div class=\"elementor-widget-wrap elementor-element-populated\">\n\t\t\t\t\t\t<div class=\"elementor-element elementor-element-46601633 elementor-widget elementor-widget-heading\" data-id=\"46601633\" data-element_type=\"widget\" data-e-type=\"widget\" data-widget_type=\"heading.default\">\n\t\t\t\t<div class=\"elementor-widget-container\">\n\t\t\t\t\t<h1 class=\"elementor-heading-title elementor-size-default\">Wine Quotes<\/h1>\t\t\t\t<\/div>\n\t\t\t\t<\/div>\n\t\t\t\t<div class=\"elementor-element elementor-element-219ec8cd elementor-widget elementor-widget-heading\" data-id=\"219ec8cd\" data-element_type=\"widget\" data-e-type=\"widget\" data-widget_type=\"heading.default\">\n\t\t\t\t<div class=\"elementor-widget-container\">\n\t\t\t\t\t<h2 class=\"elementor-heading-title elementor-size-default\">Wine &amp; Words<\/h2>\t\t\t\t<\/div>\n\t\t\t\t<\/div>\n\t\t\t\t<div class=\"elementor-element elementor-element-1f29127d elementor-widget elementor-widget-spacer\" data-id=\"1f29127d\" data-element_type=\"widget\" data-e-type=\"widget\" data-widget_type=\"spacer.default\">\n\t\t\t\t<div class=\"elementor-widget-container\">\n\t\t\t\t\t\t\t<div class=\"elementor-spacer\">\n\t\t\t<div class=\"elementor-spacer-inner\"><\/div>\n\t\t<\/div>\n\t\t\t\t\t\t<\/div>\n\t\t\t\t<\/div>\n\t\t\t\t\t<\/div>\n\t\t<\/div>\n\t\t\t\t\t<\/div>\n\t\t<\/section>\n\t\t\t\t<section class=\"elementor-section elementor-top-section elementor-element elementor-element-64bd166 elementor-section-boxed elementor-section-height-default elementor-section-height-default\" data-id=\"64bd166\" data-element_type=\"section\" data-e-type=\"section\" data-settings=\"{&quot;shape_divider_top&quot;:&quot;wave-brush&quot;}\">\n\t\t\t\t\t<div class=\"elementor-shape elementor-shape-top\" aria-hidden=\"true\" data-negative=\"false\">\n\t\t\t<svg xmlns=\"http:\/\/www.w3.org\/2000\/svg\" viewBox=\"0 0 283.5 27.8\" preserveAspectRatio=\"none\">\n\t<path class=\"elementor-shape-fill\" d=\"M283.5,9.7c0,0-7.3,4.3-14,4.6c-6.8,0.3-12.6,0-20.9-1.5c-11.3-2-33.1-10.1-44.7-5.7\ts-12.1,4.6-18,7.4c-6.6,3.2-20,9.6-36.6,9.3C131.6,23.5,99.5,7.2,86.3,8c-1.4,0.1-6.6,0.8-10.5,2c-3.8,1.2-9.4,3.8-17,4.7\tc-3.2,0.4-8.3,1.1-14.2,0.9c-1.5-0.1-6.3-0.4-12-1.6c-5.7-1.2-11-3.1-15.8-3.7C6.5,9.2,0,10.8,0,10.8V0h283.5V9.7z M260.8,11.3\tc-0.7-1-2-0.4-4.3-0.4c-2.3,0-6.1-1.2-5.8-1.1c0.3,0.1,3.1,1.5,6,1.9C259.7,12.2,261.4,12.3,260.8,11.3z M242.4,8.6\tc0,0-2.4-0.2-5.6-0.9c-3.2-0.8-10.3-2.8-15.1-3.5c-8.2-1.1-15.8,0-15.1,0.1c0.8,0.1,9.6-0.6,17.6,1.1c3.3,0.7,9.3,2.2,12.4,2.7\tC239.9,8.7,242.4,8.6,242.4,8.6z M185.2,8.5c1.7-0.7-13.3,4.7-18.5,6.1c-2.1,0.6-6.2,1.6-10,2c-3.9,0.4-8.9,0.4-8.8,0.5\tc0,0.2,5.8,0.8,11.2,0c5.4-0.8,5.2-1.1,7.6-1.6C170.5,14.7,183.5,9.2,185.2,8.5z M199.1,6.9c0.2,0-0.8-0.4-4.8,1.1\tc-4,1.5-6.7,3.5-6.9,3.7c-0.2,0.1,3.5-1.8,6.6-3C197,7.5,199,6.9,199.1,6.9z M283,6c-0.1,0.1-1.9,1.1-4.8,2.5s-6.9,2.8-6.7,2.7\tc0.2,0,3.5-0.6,7.4-2.5C282.8,6.8,283.1,5.9,283,6z M31.3,11.6c0.1-0.2-1.9-0.2-4.5-1.2s-5.4-1.6-7.8-2C15,7.6,7.3,8.5,7.7,8.6\tC8,8.7,15.9,8.3,20.2,9.3c2.2,0.5,2.4,0.5,5.7,1.6S31.2,11.9,31.3,11.6z M73,9.2c0.4-0.1,3.5-1.6,8.4-2.6c4.9-1.1,8.9-0.5,8.9-0.8\tc0-0.3-1-0.9-6.2-0.3S72.6,9.3,73,9.2z M71.6,6.7C71.8,6.8,75,5.4,77.3,5c2.3-0.3,1.9-0.5,1.9-0.6c0-0.1-1.1-0.2-2.7,0.2\tC74.8,5.1,71.4,6.6,71.6,6.7z M93.6,4.4c0.1,0.2,3.5,0.8,5.6,1.8c2.1,1,1.8,0.6,1.9,0.5c0.1-0.1-0.8-0.8-2.4-1.3\tC97.1,4.8,93.5,4.2,93.6,4.4z M65.4,11.1c-0.1,0.3,0.3,0.5,1.9-0.2s2.6-1.3,2.2-1.2s-0.9,0.4-2.5,0.8C65.3,10.9,65.5,10.8,65.4,11.1\tz M34.5,12.4c-0.2,0,2.1,0.8,3.3,0.9c1.2,0.1,2,0.1,2-0.2c0-0.3-0.1-0.5-1.6-0.4C36.6,12.8,34.7,12.4,34.5,12.4z M152.2,21.1\tc-0.1,0.1-2.4-0.3-7.5-0.3c-5,0-13.6-2.4-17.2-3.5c-3.6-1.1,10,3.9,16.5,4.1C150.5,21.6,152.3,21,152.2,21.1z\"\/>\n\t<path class=\"elementor-shape-fill\" d=\"M269.6,18c-0.1-0.1-4.6,0.3-7.2,0c-7.3-0.7-17-3.2-16.6-2.9c0.4,0.3,13.7,3.1,17,3.3\tC267.7,18.8,269.7,18,269.6,18z\"\/>\n\t<path class=\"elementor-shape-fill\" d=\"M227.4,9.8c-0.2-0.1-4.5-1-9.5-1.2c-5-0.2-12.7,0.6-12.3,0.5c0.3-0.1,5.9-1.8,13.3-1.2\tS227.6,9.9,227.4,9.8z\"\/>\n\t<path class=\"elementor-shape-fill\" d=\"M204.5,13.4c-0.1-0.1,2-1,3.2-1.1c1.2-0.1,2,0,2,0.3c0,0.3-0.1,0.5-1.6,0.4\tC206.4,12.9,204.6,13.5,204.5,13.4z\"\/>\n\t<path class=\"elementor-shape-fill\" d=\"M201,10.6c0-0.1-4.4,1.2-6.3,2.2c-1.9,0.9-6.2,3.1-6.1,3.1c0.1,0.1,4.2-1.6,6.3-2.6\tS201,10.7,201,10.6z\"\/>\n\t<path class=\"elementor-shape-fill\" d=\"M154.5,26.7c-0.1-0.1-4.6,0.3-7.2,0c-7.3-0.7-17-3.2-16.6-2.9c0.4,0.3,13.7,3.1,17,3.3\tC152.6,27.5,154.6,26.8,154.5,26.7z\"\/>\n\t<path class=\"elementor-shape-fill\" d=\"M41.9,19.3c0,0,1.2-0.3,2.9-0.1c1.7,0.2,5.8,0.9,8.2,0.7c4.2-0.4,7.4-2.7,7-2.6\tc-0.4,0-4.3,2.2-8.6,1.9c-1.8-0.1-5.1-0.5-6.7-0.4S41.9,19.3,41.9,19.3z\"\/>\n\t<path class=\"elementor-shape-fill\" d=\"M75.5,12.6c0.2,0.1,2-0.8,4.3-1.1c2.3-0.2,2.1-0.3,2.1-0.5c0-0.1-1.8-0.4-3.4,0\tC76.9,11.5,75.3,12.5,75.5,12.6z\"\/>\n\t<path class=\"elementor-shape-fill\" d=\"M15.6,13.2c0-0.1,4.3,0,6.7,0.5c2.4,0.5,5,1.9,5,2c0,0.1-2.7-0.8-5.1-1.4\tC19.9,13.7,15.7,13.3,15.6,13.2z\"\/>\n<\/svg>\t\t<\/div>\n\t\t\t\t\t<div class=\"elementor-container elementor-column-gap-default\">\n\t\t\t\t\t<div class=\"elementor-column elementor-col-100 elementor-top-column elementor-element elementor-element-60c3533\" data-id=\"60c3533\" data-element_type=\"column\" data-e-type=\"column\">\n\t\t\t<div class=\"elementor-widget-wrap elementor-element-populated\">\n\t\t\t\t\t\t<div class=\"elementor-element elementor-element-0bc14e4 elementor-widget elementor-widget-heading\" data-id=\"0bc14e4\" data-element_type=\"widget\" data-e-type=\"widget\" data-widget_type=\"heading.default\">\n\t\t\t\t<div class=\"elementor-widget-container\">\n\t\t\t\t\t<h3 class=\"elementor-heading-title elementor-size-default\">Wine &amp; Words<\/h3>\t\t\t\t<\/div>\n\t\t\t\t<\/div>\n\t\t\t\t\t<\/div>\n\t\t<\/div>\n\t\t\t\t\t<\/div>\n\t\t<\/section>\n\t\t\t\t<section class=\"elementor-section elementor-top-section elementor-element elementor-element-009fccf elementor-section-boxed elementor-section-height-default elementor-section-height-default\" data-id=\"009fccf\" data-element_type=\"section\" data-e-type=\"section\">\n\t\t\t\t\t\t<div class=\"elementor-container elementor-column-gap-default\">\n\t\t\t\t\t<div class=\"elementor-column elementor-col-100 elementor-top-column elementor-element elementor-element-bf707b7\" data-id=\"bf707b7\" data-element_type=\"column\" data-e-type=\"column\">\n\t\t\t<div class=\"elementor-widget-wrap elementor-element-populated\">\n\t\t\t\t\t\t<div class=\"elementor-element elementor-element-c8022ee elementor-widget elementor-widget-text-editor\" data-id=\"c8022ee\" data-element_type=\"widget\" data-e-type=\"widget\" data-widget_type=\"text-editor.default\">\n\t\t\t\t<div class=\"elementor-widget-container\">\n\t\t\t\t\t\t\t\t\t<p style=\"text-align: center;\"><strong><span style=\"color: #7c0e18;\">ANONIMI AMANTI DEL VINO \u2013 ANONYMOUS WINE LOVERS<\/span><\/strong><\/p>\n<p style=\"text-align: center;\"><strong>Il vino \u00e8 la risposta. Semplicemente non ricordo la domanda.<\/strong><br \/>\n<strong><em>Wine is the answer. I just don\u2019t remember the question.<br \/>\n<\/em><\/strong><br \/>\n<strong>La realt\u00e0 \u00e8 un\u2019illusione che si verifica a causa della mancanza di vino.<\/strong><br \/>\n<strong><em>Reality is an illusion due to the lack of wine.<br \/>\n<\/em><\/strong><br \/>\n<strong>Se una vita di vino, donne e canzoni diventa troppo, rinuncia al canto.<\/strong><br \/>\n<strong><em>If a life of wine, women and song becomes too much, give up the singing.<br \/>\n<\/em><\/strong><br \/>\n<strong>Uno studio sottolinea che il vino fa bene al cuore. Posso confermare, perch\u00e9 dopo qualche bicchiere amo tutti quanti.<\/strong><br \/>\n<strong><em>A study points out that wine is good for the heart. I can confirm, because after a few glasses I love everyone.<\/em><\/strong><\/p>\n<p style=\"text-align: center;\"><strong>Se il vino non fosse una cosa importante, Ges\u00f9 Cristo non gli avrebbe dedicato il suo primo miracolo!<\/strong><br \/>\n<strong><em>If wine were not an important thing, Jesus Christ would not have dedicated his first miracle to him!<\/em><\/strong><\/p>\n<p style=\"text-align: center;\"><strong>Non chiedere cosa ha fatto il vino per te, ma piuttosto cosa sei disposto a fare tu per un po&#8217; di vino.<\/strong><br \/>\n<strong><em>Ask not what wine has done for you but rather what you are willing to do for some wine.<br \/>\n<\/em><\/strong><br \/>\n<strong>Il vino migliora con l\u2019et\u00e0 \u2013 pi\u00f9 invecchio, pi\u00f9 mi piace.<\/strong><br \/>\n<strong><em>Wine improves with age \u2013 the older I get, the better I like it.<br \/>\n<\/em><\/strong><br \/>\n<strong>Almeno piovesse Prosecco\u2026<\/strong><br \/>\n<strong><em>At least it rained Prosecco\u2026<br \/>\n<\/em><\/strong><br \/>\n<strong><span style=\"color: #7c0e18;\">Benjamin Franklin<\/span><\/strong><br \/>\n<strong>Il vino \u00e8 poesia imbottigliata.<\/strong><br \/>\n<strong><em>Wine is bottled poetry.<\/em><\/strong><\/p>\n<p style=\"text-align: center;\"><strong>Quando il vino entra, esce la verit\u00e0.<\/strong><br \/>\n<strong><em>When wine enters, out goes the truth.<\/em><\/strong><\/p>\n<p style=\"text-align: center;\"><strong>Il vino rende pi\u00f9 facile la vita di tutti i giorni, meno affrettata, con meno tensioni e pi\u00f9 tolleranza<\/strong><br \/>\n<strong><em>Wine makes daily living easier, less hurried with fewer tensions and more tolerance.<\/em><\/strong><\/p>\n<p style=\"text-align: center;\"><strong>Il vino \u00e8 la prova che Dio ci ama e ci vuole felici.<\/strong><br \/>\n<strong><em>Wine is constant proof that God loves us and loves to see us happy.<\/em><\/strong><\/p>\n<p style=\"text-align: center;\"><strong><span style=\"color: #7c0e18;\">Blaise Pascal <\/span><\/strong><br \/>\n<strong>Troppo vino o troppo poco: se non gliene date, non pu\u00f2 trovare la verit\u00e0; se gliene date troppo, neppure.<\/strong><br \/>\n<strong><em>Too much and too little wine: give him none, he cannot find truth; give him too much, the same.<\/em><\/strong><\/p>\n<p style=\"text-align: center;\"><strong><span style=\"color: #7c0e18;\">Moli\u00e8re<\/span><\/strong><br \/>\n<strong>Grande \u00e8 la fortuna di colui che possiede una buona bottiglia, un buon libro, un buon amico.<\/strong><br \/>\n<strong><em>Great is the fortune of he who possesses a good bottle, a good book, and a good friend<\/em><\/strong><\/p>\n<p style=\"text-align: center;\"><strong><span style=\"color: #7c0e18;\">Jean Anthelme Brillat-Savarin<\/span><\/strong><br \/>\n<strong>Un pasto senza vino \u00e8 come un giorno senza sole.<\/strong><br \/>\n<strong><em>A meal without wine is like a day without sun.<\/em><\/strong><\/p>\n<p style=\"text-align: center;\"><strong><span style=\"color: #7c0e18;\">Louis Pasteur<\/span><\/strong><br \/>\n<strong>Una bottiglia di vino contiene pi\u00f9 filosofia che tutti i libri del mondo.<\/strong><br \/>\n<strong><em>A bottle of wine contains more philosophy than all the books in the world.<\/em><\/strong><\/p>\n<p style=\"text-align: center;\"><strong>Il vino \u00e8 la pi\u00f9 sana e la pi\u00f9 igienica delle bevande.<\/strong><br \/>\n<strong><em>Wine is the most healthful and most hygienic of beverages.<\/em><\/strong><\/p>\n<p style=\"text-align: center;\"><strong>Il sapore del vino \u00e8 come una delicata poesia.<\/strong><br \/>\n<strong><em>The flavor of wine is like delicate poetry.<\/em><\/strong><\/p>\n<p style=\"text-align: center;\"><strong><span style=\"color: #7c0e18;\">Eduardo Hughes Galeano<\/span><\/strong><br \/>\n<strong>Siamo tutti mortali fino al primo bacio e al secondo bicchiere di vino.<\/strong><br \/>\n<strong><em>We are all mortal until the first kiss and the second glass of wine.<\/em><\/strong><\/p>\n<p style=\"text-align: center;\"><strong><span style=\"color: #7c0e18;\">Ernest Hemingway<\/span><\/strong><br \/>\n<strong>Il vino \u00e8 uno dei maggiori segni di civilt\u00e0 nel mondo.<\/strong><br \/>\n<strong><em>Wine is one of the most civilized things in the world.<\/em><\/strong><\/p>\n<p style=\"text-align: center;\"><strong>L\u2019unico rimpianto della mia vita \u00e8 di non aver bevuto abbastanza vino.<\/strong><br \/>\n<strong><em>My only regret in life is that I did not drink more wine.<\/em><\/strong><\/p>\n<p style=\"text-align: center;\"><strong><span style=\"color: #7c0e18;\">Orazio<\/span><\/strong><br \/>\n<strong>Nunc vino pellite curas. <\/strong><br \/>\n<strong>Affogate nel vino gli affanni.<\/strong><br \/>\n<strong><em>Now drown care in wine.<\/em><\/strong><\/p>\n<p style=\"text-align: center;\"><strong><span style=\"color: #7c0e18;\">Petronio Arbitro<\/span><\/strong><br \/>\n<strong>Vinum Vita Est. <\/strong><br \/>\n<strong>Il vino \u00e8 vita. <\/strong><br \/>\n<strong><em>Wine is life.<\/em><\/strong><\/p>\n\t\t\t\t\t\t\t\t<\/div>\n\t\t\t\t<\/div>\n\t\t\t\t\t<\/div>\n\t\t<\/div>\n\t\t\t\t\t<\/div>\n\t\t<\/section>\n\t\t\t\t<section class=\"elementor-section elementor-top-section elementor-element elementor-element-17d6236 elementor-section-boxed elementor-section-height-default elementor-section-height-default\" data-id=\"17d6236\" data-element_type=\"section\" data-e-type=\"section\" data-settings=\"{&quot;shape_divider_bottom&quot;:&quot;wave-brush&quot;}\">\n\t\t\t\t\t<div class=\"elementor-shape elementor-shape-bottom\" aria-hidden=\"true\" data-negative=\"false\">\n\t\t\t<svg xmlns=\"http:\/\/www.w3.org\/2000\/svg\" viewBox=\"0 0 283.5 27.8\" preserveAspectRatio=\"none\">\n\t<path class=\"elementor-shape-fill\" d=\"M283.5,9.7c0,0-7.3,4.3-14,4.6c-6.8,0.3-12.6,0-20.9-1.5c-11.3-2-33.1-10.1-44.7-5.7\ts-12.1,4.6-18,7.4c-6.6,3.2-20,9.6-36.6,9.3C131.6,23.5,99.5,7.2,86.3,8c-1.4,0.1-6.6,0.8-10.5,2c-3.8,1.2-9.4,3.8-17,4.7\tc-3.2,0.4-8.3,1.1-14.2,0.9c-1.5-0.1-6.3-0.4-12-1.6c-5.7-1.2-11-3.1-15.8-3.7C6.5,9.2,0,10.8,0,10.8V0h283.5V9.7z M260.8,11.3\tc-0.7-1-2-0.4-4.3-0.4c-2.3,0-6.1-1.2-5.8-1.1c0.3,0.1,3.1,1.5,6,1.9C259.7,12.2,261.4,12.3,260.8,11.3z M242.4,8.6\tc0,0-2.4-0.2-5.6-0.9c-3.2-0.8-10.3-2.8-15.1-3.5c-8.2-1.1-15.8,0-15.1,0.1c0.8,0.1,9.6-0.6,17.6,1.1c3.3,0.7,9.3,2.2,12.4,2.7\tC239.9,8.7,242.4,8.6,242.4,8.6z M185.2,8.5c1.7-0.7-13.3,4.7-18.5,6.1c-2.1,0.6-6.2,1.6-10,2c-3.9,0.4-8.9,0.4-8.8,0.5\tc0,0.2,5.8,0.8,11.2,0c5.4-0.8,5.2-1.1,7.6-1.6C170.5,14.7,183.5,9.2,185.2,8.5z M199.1,6.9c0.2,0-0.8-0.4-4.8,1.1\tc-4,1.5-6.7,3.5-6.9,3.7c-0.2,0.1,3.5-1.8,6.6-3C197,7.5,199,6.9,199.1,6.9z M283,6c-0.1,0.1-1.9,1.1-4.8,2.5s-6.9,2.8-6.7,2.7\tc0.2,0,3.5-0.6,7.4-2.5C282.8,6.8,283.1,5.9,283,6z M31.3,11.6c0.1-0.2-1.9-0.2-4.5-1.2s-5.4-1.6-7.8-2C15,7.6,7.3,8.5,7.7,8.6\tC8,8.7,15.9,8.3,20.2,9.3c2.2,0.5,2.4,0.5,5.7,1.6S31.2,11.9,31.3,11.6z M73,9.2c0.4-0.1,3.5-1.6,8.4-2.6c4.9-1.1,8.9-0.5,8.9-0.8\tc0-0.3-1-0.9-6.2-0.3S72.6,9.3,73,9.2z M71.6,6.7C71.8,6.8,75,5.4,77.3,5c2.3-0.3,1.9-0.5,1.9-0.6c0-0.1-1.1-0.2-2.7,0.2\tC74.8,5.1,71.4,6.6,71.6,6.7z M93.6,4.4c0.1,0.2,3.5,0.8,5.6,1.8c2.1,1,1.8,0.6,1.9,0.5c0.1-0.1-0.8-0.8-2.4-1.3\tC97.1,4.8,93.5,4.2,93.6,4.4z M65.4,11.1c-0.1,0.3,0.3,0.5,1.9-0.2s2.6-1.3,2.2-1.2s-0.9,0.4-2.5,0.8C65.3,10.9,65.5,10.8,65.4,11.1\tz M34.5,12.4c-0.2,0,2.1,0.8,3.3,0.9c1.2,0.1,2,0.1,2-0.2c0-0.3-0.1-0.5-1.6-0.4C36.6,12.8,34.7,12.4,34.5,12.4z M152.2,21.1\tc-0.1,0.1-2.4-0.3-7.5-0.3c-5,0-13.6-2.4-17.2-3.5c-3.6-1.1,10,3.9,16.5,4.1C150.5,21.6,152.3,21,152.2,21.1z\"\/>\n\t<path class=\"elementor-shape-fill\" d=\"M269.6,18c-0.1-0.1-4.6,0.3-7.2,0c-7.3-0.7-17-3.2-16.6-2.9c0.4,0.3,13.7,3.1,17,3.3\tC267.7,18.8,269.7,18,269.6,18z\"\/>\n\t<path class=\"elementor-shape-fill\" d=\"M227.4,9.8c-0.2-0.1-4.5-1-9.5-1.2c-5-0.2-12.7,0.6-12.3,0.5c0.3-0.1,5.9-1.8,13.3-1.2\tS227.6,9.9,227.4,9.8z\"\/>\n\t<path class=\"elementor-shape-fill\" d=\"M204.5,13.4c-0.1-0.1,2-1,3.2-1.1c1.2-0.1,2,0,2,0.3c0,0.3-0.1,0.5-1.6,0.4\tC206.4,12.9,204.6,13.5,204.5,13.4z\"\/>\n\t<path class=\"elementor-shape-fill\" d=\"M201,10.6c0-0.1-4.4,1.2-6.3,2.2c-1.9,0.9-6.2,3.1-6.1,3.1c0.1,0.1,4.2-1.6,6.3-2.6\tS201,10.7,201,10.6z\"\/>\n\t<path class=\"elementor-shape-fill\" d=\"M154.5,26.7c-0.1-0.1-4.6,0.3-7.2,0c-7.3-0.7-17-3.2-16.6-2.9c0.4,0.3,13.7,3.1,17,3.3\tC152.6,27.5,154.6,26.8,154.5,26.7z\"\/>\n\t<path class=\"elementor-shape-fill\" d=\"M41.9,19.3c0,0,1.2-0.3,2.9-0.1c1.7,0.2,5.8,0.9,8.2,0.7c4.2-0.4,7.4-2.7,7-2.6\tc-0.4,0-4.3,2.2-8.6,1.9c-1.8-0.1-5.1-0.5-6.7-0.4S41.9,19.3,41.9,19.3z\"\/>\n\t<path class=\"elementor-shape-fill\" d=\"M75.5,12.6c0.2,0.1,2-0.8,4.3-1.1c2.3-0.2,2.1-0.3,2.1-0.5c0-0.1-1.8-0.4-3.4,0\tC76.9,11.5,75.3,12.5,75.5,12.6z\"\/>\n\t<path class=\"elementor-shape-fill\" d=\"M15.6,13.2c0-0.1,4.3,0,6.7,0.5c2.4,0.5,5,1.9,5,2c0,0.1-2.7-0.8-5.1-1.4\tC19.9,13.7,15.7,13.3,15.6,13.2z\"\/>\n<\/svg>\t\t<\/div>\n\t\t\t\t\t<div class=\"elementor-container elementor-column-gap-default\">\n\t\t\t\t\t<div class=\"elementor-column elementor-col-100 elementor-top-column elementor-element elementor-element-2d0d3a8\" data-id=\"2d0d3a8\" data-element_type=\"column\" data-e-type=\"column\">\n\t\t\t<div class=\"elementor-widget-wrap\">\n\t\t\t\t\t\t\t<\/div>\n\t\t<\/div>\n\t\t\t\t\t<\/div>\n\t\t<\/section>\n\t\t\t\t<\/div>\n\t\t","protected":false},"excerpt":{"rendered":"<p>Wine Quotes Wine &#038; Words Wine &#038; Words ANONIMI AMANTI DEL VINO \u2013 ANONYMOUS WINE LOVERS Il vino \u00e8 la risposta. Semplicemente non ricordo la domanda. Wine is the answer. I just don\u2019t remember the question. La realt\u00e0 \u00e8 un\u2019illusione che si verifica a causa della mancanza di vino. Reality is an illusion due to [&hellip;]<\/p>\n","protected":false},"author":2,"featured_media":0,"parent":0,"menu_order":0,"comment_status":"closed","ping_status":"closed","template":"elementor_header_footer","meta":{"footnotes":""},"class_list":["post-9091","page","type-page","status-publish","hentry"],"_links":{"self":[{"href":"https:\/\/www.enotecabussotti.it\/en\/wp-json\/wp\/v2\/pages\/9091","targetHints":{"allow":["GET"]}}],"collection":[{"href":"https:\/\/www.enotecabussotti.it\/en\/wp-json\/wp\/v2\/pages"}],"about":[{"href":"https:\/\/www.enotecabussotti.it\/en\/wp-json\/wp\/v2\/types\/page"}],"author":[{"embeddable":true,"href":"https:\/\/www.enotecabussotti.it\/en\/wp-json\/wp\/v2\/users\/2"}],"replies":[{"embeddable":true,"href":"https:\/\/www.enotecabussotti.it\/en\/wp-json\/wp\/v2\/comments?post=9091"}],"version-history":[{"count":0,"href":"https:\/\/www.enotecabussotti.it\/en\/wp-json\/wp\/v2\/pages\/9091\/revisions"}],"wp:attachment":[{"href":"https:\/\/www.enotecabussotti.it\/en\/wp-json\/wp\/v2\/media?parent=9091"}],"curies":[{"name":"wp","href":"https:\/\/api.w.org\/{rel}","templated":true}]}}